{"id":7190,"date":"2026-03-29T13:15:34","date_gmt":"2026-03-29T11:15:34","guid":{"rendered":"https:\/\/tortueteam.com\/?post_type=product&#038;p=7190"},"modified":"2026-03-30T15:50:19","modified_gmt":"2026-03-30T13:50:19","slug":"roulage-dimanche-14-juin-le-luc","status":"publish","type":"product","link":"https:\/\/tortueteam.com\/index.php\/product\/roulage-dimanche-14-juin-le-luc\/","title":{"rendered":"Stage &#038; Roulage du dimanche 14 juin 2026 \u2013 CIRCUIT DU LUC"},"content":{"rendered":"<h3 data-pm-slice=\"1 1 []\"><span style=\"color: #000000;\"><strong>Information restauration :<\/strong><\/span><\/h3>\n<p data-pm-slice=\"1 1 []\">Lors de cette journ\u00e9e de roulage, le restaurant sera ferm\u00e9, mais pas d&rsquo;inqui\u00e9tude ! Le <span style=\"color: #000000;\"><strong>foodtruck KIKI&rsquo;S<\/strong><\/span> prend la piste pour vous r\u00e9galer et vous aider \u00e0 recharger vos batteries pour profiter pleinement de votre session.<\/p>\n<p><img loading=\"lazy\" decoding=\"async\" class=\"alignnone wp-image-2792\" src=\"https:\/\/tortueteam.com\/wp-content\/uploads\/2022\/01\/Logo-1-300x45.png\" alt=\"\" width=\"213\" height=\"32\" srcset=\"https:\/\/tortueteam.com\/wp-content\/uploads\/2022\/01\/Logo-1-300x45.png 300w, https:\/\/tortueteam.com\/wp-content\/uploads\/2022\/01\/Logo-1.png 491w\" sizes=\"auto, (max-width: 213px) 100vw, 213px\" \/><\/p>\n<p><span style=\"color: #000000;\">Vous avez <strong><a href=\"https:\/\/www.assuracing.com\/specialiste-assurance-sports-mecaniques\/#elementor-toc__heading-anchor-2\" target=\"_blank\" rel=\"noopener\">besoin d&rsquo;informations sur l&rsquo;assurance Annulation et intemp\u00e9ries<\/a><\/strong>\u200b ? <\/span><\/p>\n<p><span style=\"color: #000000;\">Vous n&rsquo;avez pas d&rsquo;<strong>assurance individuelle accident ?<\/strong> <\/span><\/p>\n<p><span style=\"color: #000000;\">Nous vous recommandons vivement de vous renseigner ou d&rsquo;en souscrire une avec notre assureur partenaire <strong>AssuRacing<\/strong>.<\/span><\/p>\n<p><a href=\"https:\/\/assuracing.com\/pilotes\/individuelle-accident\/\" target=\"_blank\" rel=\"noopener\"><img loading=\"lazy\" decoding=\"async\" class=\"alignnone size-full wp-image-2793\" src=\"https:\/\/tortueteam.com\/wp-content\/uploads\/2022\/01\/souscrire.png\" alt=\"\" width=\"296\" height=\"64\" \/><\/a><\/p>\n","protected":false},"excerpt":{"rendered":"<p><strong>Stage &amp; Roulage moto sur le circuit du Var (Luc)<\/strong>\u00a0con\u00e7us pour tous les niveaux.<\/p>\n<h4 data-start=\"315\" data-end=\"358\">\u26a0\ufe0f <span style=\"color: #000000;\"><strong data-start=\"318\" data-end=\"358\">Important : Une commande = Un pilote<\/strong><\/span><\/h4>\n<p class=\"\" data-start=\"365\" data-end=\"490\"><span style=\"color: #000000;\">Pour des raisons d\u2019organisation et de s\u00e9curit\u00e9, <strong><span style=\"color: #ff0000;\">chaque commande doit imp\u00e9rativement concerner un seul et unique pilote<\/span>.<\/strong> En effet, chaque inscription est <strong data-start=\"2016\" data-end=\"2060\">personnalis\u00e9e et li\u00e9e \u00e0 un pilote unique<\/strong>. <\/span><span style=\"color: #000000;\">D\u00e8s lors, merci de <span style=\"color: #ff0000;\"><strong data-start=\"2075\" data-end=\"2137\">ne pas regrouper plusieurs pilotes diff\u00e9rents dans une m\u00eame commande<\/strong><\/span>.<\/span><\/p>\n<p class=\"\" data-start=\"497\" data-end=\"787\"><span style=\"color: #000000;\">En effet, lors de la validation de votre commande, vous devrez remplir une <strong data-start=\"562\" data-end=\"591\">fiche pilote individuelle<\/strong>. Si vous souhaitez r\u00e9server une date pour plusieurs pilotes, <strong data-start=\"657\" data-end=\"724\">il est obligatoire de passer une commande distincte pour chacun<\/strong>, afin que chaque pilote dispose de sa propre fiche renseign\u00e9e. Donc, pour inscrire plusieurs pilotes, <strong data-start=\"2215\" data-end=\"2273\">il faut passer autant de commandes que de participants<\/strong>, afin de renseigner correctement leurs informations.<\/span><\/p>\n<h4 style=\"text-align: left;\"><img loading=\"lazy\" decoding=\"async\" class=\"wp-image-2664 alignleft\" src=\"https:\/\/tortueteam.com\/wp-content\/uploads\/2022\/01\/moto.png\" alt=\"\" width=\"27\" height=\"27\" srcset=\"https:\/\/tortueteam.com\/wp-content\/uploads\/2022\/01\/moto.png 128w, https:\/\/tortueteam.com\/wp-content\/uploads\/2022\/01\/moto-100x100.png 100w\" sizes=\"auto, (max-width: 27px) 100vw, 27px\" \/>Choisissez vos options :<\/h4>\n","protected":false},"featured_media":6738,"comment_status":"open","ping_status":"closed","template":"","meta":[],"product_brand":[],"product_cat":[69],"product_tag":[],"class_list":{"0":"post-7190","1":"product","2":"type-product","3":"status-publish","4":"has-post-thumbnail","6":"product_cat-roulage","8":"first","9":"instock","10":"sold-individually","11":"taxable","12":"shipping-taxable","13":"purchasable","14":"product-type-variable","15":"has-default-attributes"},"_links":{"self":[{"href":"https:\/\/tortueteam.com\/index.php\/wp-json\/wp\/v2\/product\/7190","targetHints":{"allow":["GET"]}}],"collection":[{"href":"https:\/\/tortueteam.com\/index.php\/wp-json\/wp\/v2\/product"}],"about":[{"href":"https:\/\/tortueteam.com\/index.php\/wp-json\/wp\/v2\/types\/product"}],"replies":[{"embeddable":true,"href":"https:\/\/tortueteam.com\/index.php\/wp-json\/wp\/v2\/comments?post=7190"}],"wp:featuredmedia":[{"embeddable":true,"href":"https:\/\/tortueteam.com\/index.php\/wp-json\/wp\/v2\/media\/6738"}],"wp:attachment":[{"href":"https:\/\/tortueteam.com\/index.php\/wp-json\/wp\/v2\/media?parent=7190"}],"wp:term":[{"taxonomy":"product_brand","embeddable":true,"href":"https:\/\/tortueteam.com\/index.php\/wp-json\/wp\/v2\/product_brand?post=7190"},{"taxonomy":"product_cat","embeddable":true,"href":"https:\/\/tortueteam.com\/index.php\/wp-json\/wp\/v2\/product_cat?post=7190"},{"taxonomy":"product_tag","embeddable":true,"href":"https:\/\/tortueteam.com\/index.php\/wp-json\/wp\/v2\/product_tag?post=7190"}],"curies":[{"name":"wp","href":"https:\/\/api.w.org\/{rel}","templated":true}]}}