{"id":5727,"date":"2024-11-27T12:58:16","date_gmt":"2024-11-27T11:58:16","guid":{"rendered":"https:\/\/tortueteam.com\/?post_type=product&#038;p=5727"},"modified":"2026-03-24T10:01:48","modified_gmt":"2026-03-24T09:01:48","slug":"13-03-ales","status":"publish","type":"product","link":"https:\/\/tortueteam.com\/index.php\/product\/13-03-ales\/","title":{"rendered":"Roulage du vendredi 13 mars 2026 &#8211; CIRCUIT D\u2019AL\u00c8S"},"content":{"rendered":"<p><span style=\"color: #000000;\"><strong data-start=\"45\" data-end=\"84\">R\u00e9servez votre box d\u00e8s maintenant !<\/strong><\/span><br data-start=\"84\" data-end=\"87\" \/>Profitez d\u2019un tarif pr\u00e9f\u00e9rentiel de <strong data-start=\"123\" data-end=\"158\" data-is-only-node=\"\">54 \u20ac TTC par journ\u00e9e en semaine<\/strong>.<br data-start=\"159\" data-end=\"162\" \/>Contactez Christophe sans plus attendre au <strong data-start=\"205\" data-end=\"223\">06 66 30 79 94<\/strong>.<\/p>\n<p><img loading=\"lazy\" decoding=\"async\" class=\"alignnone wp-image-2792\" src=\"https:\/\/tortueteam.com\/wp-content\/uploads\/2022\/01\/Logo-1-300x45.png\" alt=\"\" width=\"213\" height=\"32\" srcset=\"https:\/\/tortueteam.com\/wp-content\/uploads\/2022\/01\/Logo-1-300x45.png 300w, https:\/\/tortueteam.com\/wp-content\/uploads\/2022\/01\/Logo-1.png 491w\" sizes=\"auto, (max-width: 213px) 100vw, 213px\" \/><\/p>\n<p><span style=\"color: #000000;\">Vous avez <strong><a href=\"https:\/\/www.assuracing.com\/specialiste-assurance-sports-mecaniques\/#elementor-toc__heading-anchor-2\" target=\"_blank\" rel=\"noopener\">besoin d&rsquo;informations sur l&rsquo;assurance Annulation et intemp\u00e9ries<\/a><\/strong>\u200b ? <\/span><\/p>\n<p><span style=\"color: #000000;\">Vous n&rsquo;avez pas d&rsquo;<strong>assurance individuelle accident ?<\/strong> <\/span><\/p>\n<p><span style=\"color: #000000;\">Nous vous recommandons vivement de vous renseigner ou d&rsquo;en souscrire une avec notre assureur partenaire <strong>AssuRacing<\/strong>.<\/span><\/p>\n<p><a href=\"https:\/\/assuracing.com\/pilotes\/individuelle-accident\/\" target=\"_blank\" rel=\"noopener\"><img loading=\"lazy\" decoding=\"async\" class=\"alignnone size-full wp-image-2793\" src=\"https:\/\/tortueteam.com\/wp-content\/uploads\/2022\/01\/souscrire.png\" alt=\"\" width=\"296\" height=\"64\" \/><\/a><\/p>\n","protected":false},"excerpt":{"rendered":"<p style=\"text-align: left;\"><strong>Roulage du vendredi 13 mars 2026 sur le circuit d&rsquo;Al\u00e8s<\/strong>.<\/p>\n<p>Guide du choix des options de roulage :<\/p>\n<ul>\n<li><span style=\"color: #000000;\"><strong>TT PILOTES :<\/strong><\/span> Temps <strong>1&rsquo;24 et moins<\/strong><\/li>\n<\/ul>\n<ul>\n<li><strong><span style=\"color: #000000;\">TT1:<\/span> <\/strong>Temps de <strong>1&rsquo;24 \u00e0 1&rsquo;34<\/strong><\/li>\n<\/ul>\n<ul>\n<li><span style=\"color: #000000;\"><strong>TT2 :<\/strong> <\/span>Temps de <strong>1&rsquo;34 \u00e0 1&rsquo;44<\/strong><\/li>\n<\/ul>\n<ul>\n<li><span style=\"color: #000000;\"><strong>TT3 :<\/strong> <\/span>Temps <strong>1&rsquo;44 et plus<\/strong><\/li>\n<\/ul>\n<h4 data-start=\"315\" data-end=\"358\">\u26a0\ufe0f <span style=\"color: #000000;\"><strong data-start=\"318\" data-end=\"358\">Important : Une commande = Un pilote<\/strong><\/span><\/h4>\n<p class=\"\" data-start=\"365\" data-end=\"490\"><span style=\"color: #000000;\">Pour des raisons d\u2019organisation et de s\u00e9curit\u00e9, <strong><span style=\"color: #ff0000;\">chaque commande doit imp\u00e9rativement concerner un seul et unique pilote<\/span>.<\/strong> En effet, chaque inscription est <strong data-start=\"2016\" data-end=\"2060\">personnalis\u00e9e et li\u00e9e \u00e0 un pilote unique<\/strong>. <\/span><span style=\"color: #000000;\">D\u00e8s lors, merci de <span style=\"color: #ff0000;\"><strong data-start=\"2075\" data-end=\"2137\">ne pas regrouper plusieurs pilotes diff\u00e9rents dans une m\u00eame commande<\/strong><\/span>.<\/span><\/p>\n<p class=\"\" data-start=\"497\" data-end=\"787\"><span style=\"color: #000000;\">En effet, lors de la validation de votre commande, vous devrez remplir une <strong data-start=\"562\" data-end=\"591\">fiche pilote individuelle<\/strong>. Si vous souhaitez r\u00e9server une date pour plusieurs pilotes, <strong data-start=\"657\" data-end=\"724\">il est obligatoire de passer une commande distincte pour chacun<\/strong>, afin que chaque pilote dispose de sa propre fiche renseign\u00e9e. Donc, pour inscrire plusieurs pilotes, <strong data-start=\"2215\" data-end=\"2273\">il faut passer autant de commandes que de participants<\/strong>, afin de renseigner correctement leurs informations.<\/span><\/p>\n<h4 style=\"text-align: left;\"><img loading=\"lazy\" decoding=\"async\" class=\"wp-image-2664 alignleft\" src=\"https:\/\/tortueteam.com\/wp-content\/uploads\/2022\/01\/moto.png\" alt=\"\" width=\"27\" height=\"27\" srcset=\"https:\/\/tortueteam.com\/wp-content\/uploads\/2022\/01\/moto.png 128w, https:\/\/tortueteam.com\/wp-content\/uploads\/2022\/01\/moto-100x100.png 100w\" sizes=\"auto, (max-width: 27px) 100vw, 27px\" \/>Choisissez vos options :<\/h4>\n","protected":false},"featured_media":4263,"comment_status":"open","ping_status":"closed","template":"","meta":[],"product_brand":[],"product_cat":[69],"product_tag":[],"class_list":{"0":"post-5727","1":"product","2":"type-product","3":"status-publish","4":"has-post-thumbnail","6":"product_cat-roulage","8":"first","9":"instock","10":"sold-individually","11":"taxable","12":"shipping-taxable","13":"product-type-variable","14":"has-default-attributes"},"_links":{"self":[{"href":"https:\/\/tortueteam.com\/index.php\/wp-json\/wp\/v2\/product\/5727","targetHints":{"allow":["GET"]}}],"collection":[{"href":"https:\/\/tortueteam.com\/index.php\/wp-json\/wp\/v2\/product"}],"about":[{"href":"https:\/\/tortueteam.com\/index.php\/wp-json\/wp\/v2\/types\/product"}],"replies":[{"embeddable":true,"href":"https:\/\/tortueteam.com\/index.php\/wp-json\/wp\/v2\/comments?post=5727"}],"wp:featuredmedia":[{"embeddable":true,"href":"https:\/\/tortueteam.com\/index.php\/wp-json\/wp\/v2\/media\/4263"}],"wp:attachment":[{"href":"https:\/\/tortueteam.com\/index.php\/wp-json\/wp\/v2\/media?parent=5727"}],"wp:term":[{"taxonomy":"product_brand","embeddable":true,"href":"https:\/\/tortueteam.com\/index.php\/wp-json\/wp\/v2\/product_brand?post=5727"},{"taxonomy":"product_cat","embeddable":true,"href":"https:\/\/tortueteam.com\/index.php\/wp-json\/wp\/v2\/product_cat?post=5727"},{"taxonomy":"product_tag","embeddable":true,"href":"https:\/\/tortueteam.com\/index.php\/wp-json\/wp\/v2\/product_tag?post=5727"}],"curies":[{"name":"wp","href":"https:\/\/api.w.org\/{rel}","templated":true}]}}