{"id":3381,"date":"2022-03-17T13:53:24","date_gmt":"2022-03-17T12:53:24","guid":{"rendered":"https:\/\/tortueteam.com\/?page_id=3381"},"modified":"2022-04-01T13:21:39","modified_gmt":"2022-04-01T11:21:39","slug":"michael","status":"publish","type":"page","link":"https:\/\/tortueteam.com\/index.php\/michael\/","title":{"rendered":"Michael"},"content":{"rendered":"<p>[vc_row row_content_width=\u00a0\u00bbgrid\u00a0\u00bb disable_background_image=\u00a0\u00bb\u00a0\u00bb vertical_lines=\u00a0\u00bbyes\u00a0\u00bb css=\u00a0\u00bb.vc_custom_1647001778759{padding-bottom: 72px !important;}\u00a0\u00bb][vc_column]<div class=\"mkdf-section-title-holder  mkdf-st-split  mkdf-has-appear-animation\" style=\"padding: 0 10%\">\n\t<div class=\"mkdf-st-inner\">\n\t\t\t<span class=\"mkdf-st-tagline\" >\n\t\t\tcoach journ\u00e9es pistes\t\t<\/span>\n\t\t\t\t\t\t<h2 class=\"mkdf-st-title\" >\n\t\t\t\t\t\t\t\t\t<span class=\"mkdf-sts-title-text\">Mica<\/span>\n\t\t\t\t\t<span class=\"mkdf-sts-separator\" ><\/span>\n\t\t\t\t\t\t\t<\/h2>\n\t\t\t\t\t\t\t<\/div>\n<\/div>[vc_single_image image=\u00a0\u00bb3054&Prime; img_size=\u00a0\u00bbfull\u00a0\u00bb alignment=\u00a0\u00bbcenter\u00a0\u00bb][\/vc_column][\/vc_row][vc_row disable_background_image=\u00a0\u00bb\u00a0\u00bb css=\u00a0\u00bb.vc_custom_1571824618775{background-image: url(https:\/\/grandprix.qodeinteractive.com\/wp-content\/uploads\/2019\/09\/h1-bg-img-1.jpg?id=250) !important;background-position: center !important;background-repeat: no-repeat !important;background-size: cover !important;}\u00a0\u00bb][vc_column css=\u00a0\u00bb.vc_custom_1568208328522{padding-top: 130px !important;padding-bottom: 127px !important;}\u00a0\u00bb]<div class=\"mkdf-testimonials-holder clearfix mkdf-testimonials-standard mkdf-testimonials-light\">\n    <div class=\"mkdf-testimonials mkdf-owl-slider\" data-enable-loop=\"yes\" data-enable-autoplay=\"yes\" data-slider-speed=\"5000\" data-slider-speed-animation=\"600\" data-enable-navigation=\"yes\" data-enable-pagination=\"no\">\n\n    \n            <div class=\"mkdf-testimonial-content\" id=\"mkdf-testimonials-3382\">\n\t            \t\t            <div class=\"mkdf-testimonial-image\">\n\t\t\t            <img loading=\"lazy\" decoding=\"async\" width=\"80\" height=\"80\" src=\"https:\/\/tortueteam.com\/wp-content\/uploads\/2022\/03\/mickael-100x100.png\" class=\"attachment-80x80 size-80x80 wp-post-image\" alt=\"\" srcset=\"https:\/\/tortueteam.com\/wp-content\/uploads\/2022\/03\/mickael-100x100.png 100w, https:\/\/tortueteam.com\/wp-content\/uploads\/2022\/03\/mickael-150x150.png 150w\" sizes=\"auto, (max-width: 80px) 100vw, 80px\" \/>\t\t            <\/div>\n\t                            <div class=\"mkdf-testimonial-text-holder\">\n                                            <h3 itemprop=\"name\" class=\"mkdf-testimonial-title entry-title\">Dipl\u00f4m\u00e9 DEJEPS, c&#039;est le plus haut dipl\u00f4me f\u00e9d\u00e9ral !<\/h3>\n                                                                <p class=\"mkdf-testimonial-text\">Mica est notre coach sur nos journ\u00e9es pistes. Il est en charge du coaching dans les groupes de roulage interm\u00e9diaire et pilote. Calme et rapide sur la piste, il sera \u00e0 m\u00eame de vous donner des conseils avis\u00e9s et vous permettra de r\u00e9aliser des progr\u00e8s \u00e0 coup s\u00fbr. Dans la vie de tout les jours, il est pr\u00e9sident de l&#039;association ADM (Amical Des Motards) et organise des stages d&#039;initiation ou du roulage sur terre  sur sa piste priv\u00e9e situ\u00e9e \u00e0 Mougins.<\/p>\n                                                                <div class=\"mkdf-testimonial-author\">\n                            \t                            <span class=\"mkdf-testimonials-author-job\">coach journ\u00e9es pistes<\/span>\n                            \t                        <h5 class=\"mkdf-testimonials-author-name\">Mica<\/h5>\n                        <\/div>\n                                    <\/div>\n            <\/div>\n\n    \n    <\/div>\n<\/div>[\/vc_column][\/vc_row][vc_row disable_background_image=\u00a0\u00bb\u00a0\u00bb][vc_column]<div class=\"mkdf-image-gallery  mkdf-ig-carousel-custom-type mkdf-three-columns mkdf-tiny-space mkdf-has-shadow mkdf-image-behavior-lightbox \">\n\t<div class=\"mkdf-ig-slider mkdf-owl-slider\" data-number-of-items=\"3\" data-slider-padding=\"yes\" data-stage-padding=\"predefined\" data-enable-navigation=\"no\" data-enable-pagination=\"yes\" data-enable-loop=\"yes\" data-enable-autoplay=\"yes\" data-slider-speed=\"5000\" data-slider-speed-animation=\"600\">\n\t\t\t\t\t<div class=\"mkdf-ig-image\">\n\t\t\t\t\t\t\t\t\t<a itemprop=\"image\" class=\"mkdf-ig-lightbox mkdf-block-drag-link\" href=\"https:\/\/tortueteam.com\/wp-content\/uploads\/2022\/04\/m6.png\" data-rel=\"prettyPhoto[image_gallery_pretty_photo-903]\" title=\"m6\">\n\t\t\t\t\t\t\t\t\t<img loading=\"lazy\" decoding=\"async\" width=\"960\" height=\"528\" src=\"https:\/\/tortueteam.com\/wp-content\/uploads\/2022\/04\/m6.png\" class=\"attachment-large size-large\" alt=\"\" srcset=\"https:\/\/tortueteam.com\/wp-content\/uploads\/2022\/04\/m6.png 960w, https:\/\/tortueteam.com\/wp-content\/uploads\/2022\/04\/m6-300x165.png 300w, https:\/\/tortueteam.com\/wp-content\/uploads\/2022\/04\/m6-768x422.png 768w, https:\/\/tortueteam.com\/wp-content\/uploads\/2022\/04\/m6-600x330.png 600w\" sizes=\"auto, (max-width: 960px) 100vw, 960px\" \/>\t\t\t\t\t\t\t\t\t<\/a>\n\t\t\t\t\t\t\t<\/div>\n\t\t\t\t\t<div class=\"mkdf-ig-image\">\n\t\t\t\t\t\t\t\t\t<a itemprop=\"image\" class=\"mkdf-ig-lightbox mkdf-block-drag-link\" href=\"https:\/\/tortueteam.com\/wp-content\/uploads\/2022\/04\/m5.png\" data-rel=\"prettyPhoto[image_gallery_pretty_photo-903]\" title=\"m5\">\n\t\t\t\t\t\t\t\t\t<img loading=\"lazy\" decoding=\"async\" width=\"960\" height=\"528\" src=\"https:\/\/tortueteam.com\/wp-content\/uploads\/2022\/04\/m5.png\" class=\"attachment-large size-large\" alt=\"\" srcset=\"https:\/\/tortueteam.com\/wp-content\/uploads\/2022\/04\/m5.png 960w, https:\/\/tortueteam.com\/wp-content\/uploads\/2022\/04\/m5-300x165.png 300w, https:\/\/tortueteam.com\/wp-content\/uploads\/2022\/04\/m5-768x422.png 768w, https:\/\/tortueteam.com\/wp-content\/uploads\/2022\/04\/m5-600x330.png 600w\" sizes=\"auto, (max-width: 960px) 100vw, 960px\" \/>\t\t\t\t\t\t\t\t\t<\/a>\n\t\t\t\t\t\t\t<\/div>\n\t\t\t\t\t<div class=\"mkdf-ig-image\">\n\t\t\t\t\t\t\t\t\t<a itemprop=\"image\" class=\"mkdf-ig-lightbox mkdf-block-drag-link\" href=\"https:\/\/tortueteam.com\/wp-content\/uploads\/2022\/04\/m4.png\" data-rel=\"prettyPhoto[image_gallery_pretty_photo-903]\" title=\"m4\">\n\t\t\t\t\t\t\t\t\t<img loading=\"lazy\" decoding=\"async\" width=\"960\" height=\"528\" src=\"https:\/\/tortueteam.com\/wp-content\/uploads\/2022\/04\/m4.png\" class=\"attachment-large size-large\" alt=\"\" srcset=\"https:\/\/tortueteam.com\/wp-content\/uploads\/2022\/04\/m4.png 960w, https:\/\/tortueteam.com\/wp-content\/uploads\/2022\/04\/m4-300x165.png 300w, https:\/\/tortueteam.com\/wp-content\/uploads\/2022\/04\/m4-768x422.png 768w, https:\/\/tortueteam.com\/wp-content\/uploads\/2022\/04\/m4-600x330.png 600w\" sizes=\"auto, (max-width: 960px) 100vw, 960px\" \/>\t\t\t\t\t\t\t\t\t<\/a>\n\t\t\t\t\t\t\t<\/div>\n\t\t\t\t\t<div class=\"mkdf-ig-image\">\n\t\t\t\t\t\t\t\t\t<a itemprop=\"image\" class=\"mkdf-ig-lightbox mkdf-block-drag-link\" href=\"https:\/\/tortueteam.com\/wp-content\/uploads\/2022\/04\/m3.png\" data-rel=\"prettyPhoto[image_gallery_pretty_photo-903]\" title=\"m3\">\n\t\t\t\t\t\t\t\t\t<img loading=\"lazy\" decoding=\"async\" width=\"960\" height=\"528\" src=\"https:\/\/tortueteam.com\/wp-content\/uploads\/2022\/04\/m3.png\" class=\"attachment-large size-large\" alt=\"\" srcset=\"https:\/\/tortueteam.com\/wp-content\/uploads\/2022\/04\/m3.png 960w, https:\/\/tortueteam.com\/wp-content\/uploads\/2022\/04\/m3-300x165.png 300w, https:\/\/tortueteam.com\/wp-content\/uploads\/2022\/04\/m3-768x422.png 768w, https:\/\/tortueteam.com\/wp-content\/uploads\/2022\/04\/m3-600x330.png 600w\" sizes=\"auto, (max-width: 960px) 100vw, 960px\" \/>\t\t\t\t\t\t\t\t\t<\/a>\n\t\t\t\t\t\t\t<\/div>\n\t\t\t\t\t<div class=\"mkdf-ig-image\">\n\t\t\t\t\t\t\t\t\t<a itemprop=\"image\" class=\"mkdf-ig-lightbox mkdf-block-drag-link\" href=\"https:\/\/tortueteam.com\/wp-content\/uploads\/2022\/04\/m2.png\" data-rel=\"prettyPhoto[image_gallery_pretty_photo-903]\" title=\"m2\">\n\t\t\t\t\t\t\t\t\t<img loading=\"lazy\" decoding=\"async\" width=\"960\" height=\"528\" src=\"https:\/\/tortueteam.com\/wp-content\/uploads\/2022\/04\/m2.png\" class=\"attachment-large size-large\" alt=\"\" srcset=\"https:\/\/tortueteam.com\/wp-content\/uploads\/2022\/04\/m2.png 960w, https:\/\/tortueteam.com\/wp-content\/uploads\/2022\/04\/m2-300x165.png 300w, https:\/\/tortueteam.com\/wp-content\/uploads\/2022\/04\/m2-768x422.png 768w, https:\/\/tortueteam.com\/wp-content\/uploads\/2022\/04\/m2-600x330.png 600w\" sizes=\"auto, (max-width: 960px) 100vw, 960px\" \/>\t\t\t\t\t\t\t\t\t<\/a>\n\t\t\t\t\t\t\t<\/div>\n\t\t\t\t\t<div class=\"mkdf-ig-image\">\n\t\t\t\t\t\t\t\t\t<a itemprop=\"image\" class=\"mkdf-ig-lightbox mkdf-block-drag-link\" href=\"https:\/\/tortueteam.com\/wp-content\/uploads\/2022\/04\/m1.png\" data-rel=\"prettyPhoto[image_gallery_pretty_photo-903]\" title=\"m1\">\n\t\t\t\t\t\t\t\t\t<img loading=\"lazy\" decoding=\"async\" width=\"960\" height=\"528\" src=\"https:\/\/tortueteam.com\/wp-content\/uploads\/2022\/04\/m1.png\" class=\"attachment-large size-large\" alt=\"\" srcset=\"https:\/\/tortueteam.com\/wp-content\/uploads\/2022\/04\/m1.png 960w, https:\/\/tortueteam.com\/wp-content\/uploads\/2022\/04\/m1-300x165.png 300w, https:\/\/tortueteam.com\/wp-content\/uploads\/2022\/04\/m1-768x422.png 768w, https:\/\/tortueteam.com\/wp-content\/uploads\/2022\/04\/m1-600x330.png 600w\" sizes=\"auto, (max-width: 960px) 100vw, 960px\" \/>\t\t\t\t\t\t\t\t\t<\/a>\n\t\t\t\t\t\t\t<\/div>\n\t\t\t<\/div>\n\t<div class=\"mkdf-custom-pagination-holder\">\n\t\t<div class=\"mkdf-custom-pagination-container owl-dots\">\n\t\t<\/div>\n\t\t<div class=\"mkdf-pagination-line-holder\">\n\t\t\t<span class=\"mkdf-pagination-line\"><\/span>\n\t\t<\/div>\n\t<\/div>\n<\/div>[\/vc_column][\/vc_row]<\/p>\n","protected":false},"excerpt":{"rendered":"<p>[vc_row row_content_width=\u00a0\u00bbgrid\u00a0\u00bb disable_background_image=\u00a0\u00bb\u00a0\u00bb vertical_lines=\u00a0\u00bbyes\u00a0\u00bb css=\u00a0\u00bb.vc_custom_1647001778759{padding-bottom: 72px !important;}\u00a0\u00bb][vc_column][vc_single_image image=\u00a0\u00bb3054&Prime; img_size=\u00a0\u00bbfull\u00a0\u00bb alignment=\u00a0\u00bbcenter\u00a0\u00bb][\/vc_column][\/vc_row][vc_row disable_background_image=\u00a0\u00bb\u00a0\u00bb css=\u00a0\u00bb.vc_custom_1571824618775{background-image: url(https:\/\/grandprix.qodeinteractive.com\/wp-content\/uploads\/2019\/09\/h1-bg-img-1.jpg?id=250) !important;background-position: center !important;background-repeat: no-repeat !important;background-size: cover !important;}\u00a0\u00bb][vc_column css=\u00a0\u00bb.vc_custom_1568208328522{padding-top: 130px !important;padding-bottom: 127px !important;}\u00a0\u00bb][\/vc_column][\/vc_row][vc_row disable_background_image=\u00a0\u00bb\u00a0\u00bb][vc_column][\/vc_column][\/vc_row]<\/p>\n","protected":false},"author":1,"featured_media":0,"parent":0,"menu_order":0,"comment_status":"closed","ping_status":"closed","template":"","meta":{"footnotes":""},"class_list":["post-3381","page","type-page","status-publish","hentry"],"_links":{"self":[{"href":"https:\/\/tortueteam.com\/index.php\/wp-json\/wp\/v2\/pages\/3381","targetHints":{"allow":["GET"]}}],"collection":[{"href":"https:\/\/tortueteam.com\/index.php\/wp-json\/wp\/v2\/pages"}],"about":[{"href":"https:\/\/tortueteam.com\/index.php\/wp-json\/wp\/v2\/types\/page"}],"author":[{"embeddable":true,"href":"https:\/\/tortueteam.com\/index.php\/wp-json\/wp\/v2\/users\/1"}],"replies":[{"embeddable":true,"href":"https:\/\/tortueteam.com\/index.php\/wp-json\/wp\/v2\/comments?post=3381"}],"version-history":[{"count":2,"href":"https:\/\/tortueteam.com\/index.php\/wp-json\/wp\/v2\/pages\/3381\/revisions"}],"predecessor-version":[{"id":3512,"href":"https:\/\/tortueteam.com\/index.php\/wp-json\/wp\/v2\/pages\/3381\/revisions\/3512"}],"wp:attachment":[{"href":"https:\/\/tortueteam.com\/index.php\/wp-json\/wp\/v2\/media?parent=3381"}],"curies":[{"name":"wp","href":"https:\/\/api.w.org\/{rel}","templated":true}]}}