{"id":3212,"date":"2022-03-12T06:09:42","date_gmt":"2022-03-12T05:09:42","guid":{"rendered":"https:\/\/tortueteam.com\/?page_id=3212"},"modified":"2022-04-01T12:47:19","modified_gmt":"2022-04-01T10:47:19","slug":"christophe","status":"publish","type":"page","link":"https:\/\/tortueteam.com\/index.php\/christophe\/","title":{"rendered":"CHRISTOPHE"},"content":{"rendered":"<p>[vc_row row_content_width=\u00a0\u00bbgrid\u00a0\u00bb disable_background_image=\u00a0\u00bb\u00a0\u00bb vertical_lines=\u00a0\u00bbyes\u00a0\u00bb css=\u00a0\u00bb.vc_custom_1647001778759{padding-bottom: 72px !important;}\u00a0\u00bb][vc_column]<div class=\"mkdf-section-title-holder  mkdf-st-split  mkdf-has-appear-animation\" style=\"padding: 0 10%\">\n\t<div class=\"mkdf-st-inner\">\n\t\t\t<span class=\"mkdf-st-tagline\" >\n\t\t\tAU CAMION\t\t<\/span>\n\t\t\t\t\t\t<h2 class=\"mkdf-st-title\" >\n\t\t\t\t\t\t\t\t\t<span class=\"mkdf-sts-title-text\">CHRISTOPHE<\/span>\n\t\t\t\t\t<span class=\"mkdf-sts-separator\" ><\/span>\n\t\t\t\t\t\t\t<\/h2>\n\t\t\t\t\t\t\t<\/div>\n<\/div>[vc_single_image image=\u00a0\u00bb3247&Prime; img_size=\u00a0\u00bbfull\u00a0\u00bb alignment=\u00a0\u00bbcenter\u00a0\u00bb][vc_column_text]<\/p>\n<div class=\"wpb_text_column wpb_content_element \">\n<div class=\"wpb_wrapper\">\n<p style=\"text-align: center;\"><span style=\"color: #000000;\"><strong>PSEUDO :<\/strong> <\/span>TONTON CHRIS<\/p>\n<p style=\"text-align: center;\"><span style=\"color: #000000;\"><strong>MOTO :<\/strong> <\/span>KAWAZAKI ZX10R<\/p>\n<p style=\"text-align: center;\"><span style=\"color: #000000;\"><strong>FONCTION :<\/strong> <\/span>AU CAMION<\/p>\n<p style=\"text-align: center;\"><span style=\"color: #000000;\"><strong>CO-FONDATEUR<\/strong> DE LA<\/span> <a href=\"https:\/\/tortueteam.com\/partenaires\/#ldp\">TEAM LDP<\/a><\/p>\n<\/div>\n<\/div>\n<p>[\/vc_column_text][\/vc_column][\/vc_row][vc_row disable_background_image=\u00a0\u00bb\u00a0\u00bb css=\u00a0\u00bb.vc_custom_1571824618775{background-image: url(https:\/\/grandprix.qodeinteractive.com\/wp-content\/uploads\/2019\/09\/h1-bg-img-1.jpg?id=250) !important;background-position: center !important;background-repeat: no-repeat !important;background-size: cover !important;}\u00a0\u00bb][vc_column css=\u00a0\u00bb.vc_custom_1568208328522{padding-top: 130px !important;padding-bottom: 127px !important;}\u00a0\u00bb]<div class=\"mkdf-testimonials-holder clearfix mkdf-testimonials-standard mkdf-testimonials-light\">\n    <div class=\"mkdf-testimonials mkdf-owl-slider\" data-enable-loop=\"yes\" data-enable-autoplay=\"yes\" data-slider-speed=\"5000\" data-slider-speed-animation=\"600\" data-enable-navigation=\"yes\" data-enable-pagination=\"no\">\n\n    \n            <div class=\"mkdf-testimonial-content\" id=\"mkdf-testimonials-468\">\n\t            \t\t            <div class=\"mkdf-testimonial-image\">\n\t\t\t            <img loading=\"lazy\" decoding=\"async\" width=\"80\" height=\"80\" src=\"https:\/\/tortueteam.com\/wp-content\/uploads\/2022\/03\/christophe-100x100.png\" class=\"attachment-80x80 size-80x80 wp-post-image\" alt=\"\" srcset=\"https:\/\/tortueteam.com\/wp-content\/uploads\/2022\/03\/christophe-100x100.png 100w, https:\/\/tortueteam.com\/wp-content\/uploads\/2022\/03\/christophe-150x150.png 150w\" sizes=\"auto, (max-width: 80px) 100vw, 80px\" \/>\t\t            <\/div>\n\t                            <div class=\"mkdf-testimonial-text-holder\">\n                                            <h3 itemprop=\"name\" class=\"mkdf-testimonial-title entry-title\">D\u2019aspect bourru, Chris est en fait un gentil nounours \u00e0 la guimauve une fois qu\u2019il vous a accept\u00e9.<\/h3>\n                                                                <p class=\"mkdf-testimonial-text\">Personnage droit, direct et discret, attention toutefois \u00e0 ne pas le zouzouner sinon c\u2019est r\u00e9action imm\u00e9diate\u2026 D\u2019une efficacit\u00e9 redoutable pour sortir les motos du bac et les monter dans le camion, les interruptions de roulage sont tr\u00e8s courtes gr\u00e2ce \u00e0 lui.<\/p>\n                                                                <div class=\"mkdf-testimonial-author\">\n                            \t                            <span class=\"mkdf-testimonials-author-job\">AU CAMION<\/span>\n                            \t                        <h5 class=\"mkdf-testimonials-author-name\">CHRISTOPHE<\/h5>\n                        <\/div>\n                                    <\/div>\n            <\/div>\n\n    \n    <\/div>\n<\/div>[\/vc_column][\/vc_row][vc_row disable_background_image=\u00a0\u00bb\u00a0\u00bb][vc_column]<div class=\"mkdf-image-gallery  mkdf-ig-carousel-custom-type mkdf-three-columns mkdf-tiny-space mkdf-has-shadow mkdf-image-behavior-lightbox \">\n\t<div class=\"mkdf-ig-slider mkdf-owl-slider\" data-number-of-items=\"3\" data-slider-padding=\"yes\" data-stage-padding=\"predefined\" data-enable-navigation=\"no\" data-enable-pagination=\"yes\" data-enable-loop=\"yes\" data-enable-autoplay=\"yes\" data-slider-speed=\"5000\" data-slider-speed-animation=\"600\">\n\t\t\t\t\t<div class=\"mkdf-ig-image\">\n\t\t\t\t\t\t\t\t\t<a itemprop=\"image\" class=\"mkdf-ig-lightbox mkdf-block-drag-link\" href=\"https:\/\/tortueteam.com\/wp-content\/uploads\/2022\/03\/chris11.jpg\" data-rel=\"prettyPhoto[image_gallery_pretty_photo-885]\" title=\"chris11\">\n\t\t\t\t\t\t\t\t\t<img loading=\"lazy\" decoding=\"async\" width=\"960\" height=\"528\" src=\"https:\/\/tortueteam.com\/wp-content\/uploads\/2022\/03\/chris11.jpg\" class=\"attachment-large size-large\" alt=\"\" srcset=\"https:\/\/tortueteam.com\/wp-content\/uploads\/2022\/03\/chris11.jpg 960w, https:\/\/tortueteam.com\/wp-content\/uploads\/2022\/03\/chris11-300x165.jpg 300w, https:\/\/tortueteam.com\/wp-content\/uploads\/2022\/03\/chris11-768x422.jpg 768w, https:\/\/tortueteam.com\/wp-content\/uploads\/2022\/03\/chris11-600x330.jpg 600w\" sizes=\"auto, (max-width: 960px) 100vw, 960px\" \/>\t\t\t\t\t\t\t\t\t<\/a>\n\t\t\t\t\t\t\t<\/div>\n\t\t\t\t\t<div class=\"mkdf-ig-image\">\n\t\t\t\t\t\t\t\t\t<a itemprop=\"image\" class=\"mkdf-ig-lightbox mkdf-block-drag-link\" href=\"https:\/\/tortueteam.com\/wp-content\/uploads\/2022\/03\/chris3.png\" data-rel=\"prettyPhoto[image_gallery_pretty_photo-885]\" title=\"chris3\">\n\t\t\t\t\t\t\t\t\t<img loading=\"lazy\" decoding=\"async\" width=\"960\" height=\"528\" src=\"https:\/\/tortueteam.com\/wp-content\/uploads\/2022\/03\/chris3.png\" class=\"attachment-large size-large\" alt=\"\" srcset=\"https:\/\/tortueteam.com\/wp-content\/uploads\/2022\/03\/chris3.png 960w, https:\/\/tortueteam.com\/wp-content\/uploads\/2022\/03\/chris3-300x165.png 300w, https:\/\/tortueteam.com\/wp-content\/uploads\/2022\/03\/chris3-768x422.png 768w, https:\/\/tortueteam.com\/wp-content\/uploads\/2022\/03\/chris3-600x330.png 600w\" sizes=\"auto, (max-width: 960px) 100vw, 960px\" \/>\t\t\t\t\t\t\t\t\t<\/a>\n\t\t\t\t\t\t\t<\/div>\n\t\t\t\t\t<div class=\"mkdf-ig-image\">\n\t\t\t\t\t\t\t\t\t<a itemprop=\"image\" class=\"mkdf-ig-lightbox mkdf-block-drag-link\" href=\"https:\/\/tortueteam.com\/wp-content\/uploads\/2022\/03\/chris10.jpg\" data-rel=\"prettyPhoto[image_gallery_pretty_photo-885]\" title=\"chris10\">\n\t\t\t\t\t\t\t\t\t<img loading=\"lazy\" decoding=\"async\" width=\"960\" height=\"528\" src=\"https:\/\/tortueteam.com\/wp-content\/uploads\/2022\/03\/chris10.jpg\" class=\"attachment-large size-large\" alt=\"\" srcset=\"https:\/\/tortueteam.com\/wp-content\/uploads\/2022\/03\/chris10.jpg 960w, https:\/\/tortueteam.com\/wp-content\/uploads\/2022\/03\/chris10-300x165.jpg 300w, https:\/\/tortueteam.com\/wp-content\/uploads\/2022\/03\/chris10-768x422.jpg 768w, https:\/\/tortueteam.com\/wp-content\/uploads\/2022\/03\/chris10-600x330.jpg 600w\" sizes=\"auto, (max-width: 960px) 100vw, 960px\" \/>\t\t\t\t\t\t\t\t\t<\/a>\n\t\t\t\t\t\t\t<\/div>\n\t\t\t\t\t<div class=\"mkdf-ig-image\">\n\t\t\t\t\t\t\t\t\t<a itemprop=\"image\" class=\"mkdf-ig-lightbox mkdf-block-drag-link\" href=\"https:\/\/tortueteam.com\/wp-content\/uploads\/2022\/03\/chris.png\" data-rel=\"prettyPhoto[image_gallery_pretty_photo-885]\" title=\"chris\">\n\t\t\t\t\t\t\t\t\t<img loading=\"lazy\" decoding=\"async\" width=\"960\" height=\"528\" src=\"https:\/\/tortueteam.com\/wp-content\/uploads\/2022\/03\/chris.png\" class=\"attachment-large size-large\" alt=\"\" srcset=\"https:\/\/tortueteam.com\/wp-content\/uploads\/2022\/03\/chris.png 960w, https:\/\/tortueteam.com\/wp-content\/uploads\/2022\/03\/chris-300x165.png 300w, https:\/\/tortueteam.com\/wp-content\/uploads\/2022\/03\/chris-768x422.png 768w, https:\/\/tortueteam.com\/wp-content\/uploads\/2022\/03\/chris-600x330.png 600w\" sizes=\"auto, (max-width: 960px) 100vw, 960px\" \/>\t\t\t\t\t\t\t\t\t<\/a>\n\t\t\t\t\t\t\t<\/div>\n\t\t\t\t\t<div class=\"mkdf-ig-image\">\n\t\t\t\t\t\t\t\t\t<a itemprop=\"image\" class=\"mkdf-ig-lightbox mkdf-block-drag-link\" href=\"https:\/\/tortueteam.com\/wp-content\/uploads\/2022\/04\/chris3.png\" data-rel=\"prettyPhoto[image_gallery_pretty_photo-885]\" title=\"chris3\">\n\t\t\t\t\t\t\t\t\t<img loading=\"lazy\" decoding=\"async\" width=\"960\" height=\"528\" src=\"https:\/\/tortueteam.com\/wp-content\/uploads\/2022\/04\/chris3.png\" class=\"attachment-large size-large\" alt=\"\" srcset=\"https:\/\/tortueteam.com\/wp-content\/uploads\/2022\/04\/chris3.png 960w, https:\/\/tortueteam.com\/wp-content\/uploads\/2022\/04\/chris3-300x165.png 300w, https:\/\/tortueteam.com\/wp-content\/uploads\/2022\/04\/chris3-768x422.png 768w, https:\/\/tortueteam.com\/wp-content\/uploads\/2022\/04\/chris3-600x330.png 600w\" sizes=\"auto, (max-width: 960px) 100vw, 960px\" \/>\t\t\t\t\t\t\t\t\t<\/a>\n\t\t\t\t\t\t\t<\/div>\n\t\t\t\t\t<div class=\"mkdf-ig-image\">\n\t\t\t\t\t\t\t\t\t<a itemprop=\"image\" class=\"mkdf-ig-lightbox mkdf-block-drag-link\" href=\"https:\/\/tortueteam.com\/wp-content\/uploads\/2022\/04\/chris2.png\" data-rel=\"prettyPhoto[image_gallery_pretty_photo-885]\" title=\"chris2\">\n\t\t\t\t\t\t\t\t\t<img loading=\"lazy\" decoding=\"async\" width=\"960\" height=\"528\" src=\"https:\/\/tortueteam.com\/wp-content\/uploads\/2022\/04\/chris2.png\" class=\"attachment-large size-large\" alt=\"\" srcset=\"https:\/\/tortueteam.com\/wp-content\/uploads\/2022\/04\/chris2.png 960w, https:\/\/tortueteam.com\/wp-content\/uploads\/2022\/04\/chris2-300x165.png 300w, https:\/\/tortueteam.com\/wp-content\/uploads\/2022\/04\/chris2-768x422.png 768w, https:\/\/tortueteam.com\/wp-content\/uploads\/2022\/04\/chris2-600x330.png 600w\" sizes=\"auto, (max-width: 960px) 100vw, 960px\" \/>\t\t\t\t\t\t\t\t\t<\/a>\n\t\t\t\t\t\t\t<\/div>\n\t\t\t\t\t<div class=\"mkdf-ig-image\">\n\t\t\t\t\t\t\t\t\t<a itemprop=\"image\" class=\"mkdf-ig-lightbox mkdf-block-drag-link\" href=\"https:\/\/tortueteam.com\/wp-content\/uploads\/2022\/04\/chris1.png\" data-rel=\"prettyPhoto[image_gallery_pretty_photo-885]\" title=\"chris1\">\n\t\t\t\t\t\t\t\t\t<img loading=\"lazy\" decoding=\"async\" width=\"960\" height=\"528\" src=\"https:\/\/tortueteam.com\/wp-content\/uploads\/2022\/04\/chris1.png\" class=\"attachment-large size-large\" alt=\"\" srcset=\"https:\/\/tortueteam.com\/wp-content\/uploads\/2022\/04\/chris1.png 960w, https:\/\/tortueteam.com\/wp-content\/uploads\/2022\/04\/chris1-300x165.png 300w, https:\/\/tortueteam.com\/wp-content\/uploads\/2022\/04\/chris1-768x422.png 768w, https:\/\/tortueteam.com\/wp-content\/uploads\/2022\/04\/chris1-600x330.png 600w\" sizes=\"auto, (max-width: 960px) 100vw, 960px\" \/>\t\t\t\t\t\t\t\t\t<\/a>\n\t\t\t\t\t\t\t<\/div>\n\t\t\t<\/div>\n\t<div class=\"mkdf-custom-pagination-holder\">\n\t\t<div class=\"mkdf-custom-pagination-container owl-dots\">\n\t\t<\/div>\n\t\t<div class=\"mkdf-pagination-line-holder\">\n\t\t\t<span class=\"mkdf-pagination-line\"><\/span>\n\t\t<\/div>\n\t<\/div>\n<\/div>[\/vc_column][\/vc_row]<\/p>\n","protected":false},"excerpt":{"rendered":"<p>[vc_row row_content_width=\u00a0\u00bbgrid\u00a0\u00bb disable_background_image=\u00a0\u00bb\u00a0\u00bb vertical_lines=\u00a0\u00bbyes\u00a0\u00bb css=\u00a0\u00bb.vc_custom_1647001778759{padding-bottom: 72px !important;}\u00a0\u00bb][vc_column][vc_single_image image=\u00a0\u00bb3247&Prime; img_size=\u00a0\u00bbfull\u00a0\u00bb alignment=\u00a0\u00bbcenter\u00a0\u00bb][vc_column_text] PSEUDO : TONTON CHRIS MOTO : KAWAZAKI ZX10R FONCTION : AU CAMION CO-FONDATEUR DE LA TEAM LDP [\/vc_column_text][\/vc_column][\/vc_row][vc_row disable_background_image=\u00a0\u00bb\u00a0\u00bb css=\u00a0\u00bb.vc_custom_1571824618775{background-image: url(https:\/\/grandprix.qodeinteractive.com\/wp-content\/uploads\/2019\/09\/h1-bg-img-1.jpg?id=250) !important;background-position: center !important;background-repeat: no-repeat !important;background-size: cover !important;}\u00a0\u00bb][vc_column css=\u00a0\u00bb.vc_custom_1568208328522{padding-top: 130px !important;padding-bottom: 127px !important;}\u00a0\u00bb][\/vc_column][\/vc_row][vc_row disable_background_image=\u00a0\u00bb\u00a0\u00bb][vc_column][\/vc_column][\/vc_row]<\/p>\n","protected":false},"author":1,"featured_media":0,"parent":0,"menu_order":0,"comment_status":"closed","ping_status":"closed","template":"","meta":{"footnotes":""},"class_list":["post-3212","page","type-page","status-publish","hentry"],"_links":{"self":[{"href":"https:\/\/tortueteam.com\/index.php\/wp-json\/wp\/v2\/pages\/3212","targetHints":{"allow":["GET"]}}],"collection":[{"href":"https:\/\/tortueteam.com\/index.php\/wp-json\/wp\/v2\/pages"}],"about":[{"href":"https:\/\/tortueteam.com\/index.php\/wp-json\/wp\/v2\/types\/page"}],"author":[{"embeddable":true,"href":"https:\/\/tortueteam.com\/index.php\/wp-json\/wp\/v2\/users\/1"}],"replies":[{"embeddable":true,"href":"https:\/\/tortueteam.com\/index.php\/wp-json\/wp\/v2\/comments?post=3212"}],"version-history":[{"count":21,"href":"https:\/\/tortueteam.com\/index.php\/wp-json\/wp\/v2\/pages\/3212\/revisions"}],"predecessor-version":[{"id":3491,"href":"https:\/\/tortueteam.com\/index.php\/wp-json\/wp\/v2\/pages\/3212\/revisions\/3491"}],"wp:attachment":[{"href":"https:\/\/tortueteam.com\/index.php\/wp-json\/wp\/v2\/media?parent=3212"}],"curies":[{"name":"wp","href":"https:\/\/api.w.org\/{rel}","templated":true}]}}