{"id":3120,"date":"2022-03-06T14:39:45","date_gmt":"2022-03-06T13:39:45","guid":{"rendered":"https:\/\/tortueteam.com\/?page_id=3120"},"modified":"2024-12-01T14:57:52","modified_gmt":"2024-12-01T13:57:52","slug":"services","status":"publish","type":"page","link":"https:\/\/tortueteam.com\/index.php\/services\/","title":{"rendered":"Services"},"content":{"rendered":"<p>[vc_row row_content_width=\u00a0\u00bbgrid\u00a0\u00bb disable_background_image=\u00a0\u00bb\u00a0\u00bb vertical_lines=\u00a0\u00bbyes\u00a0\u00bb css=\u00a0\u00bb.vc_custom_1646576497330{padding-bottom: 130px !important;background-position: center !important;background-repeat: no-repeat !important;background-size: cover !important;}\u00a0\u00bb][vc_column]<div class=\"mkdf-section-title-holder  mkdf-st-split  mkdf-has-appear-animation\" style=\"padding: 0 10%\">\n\t<div class=\"mkdf-st-inner\">\n\t\t\t<span class=\"mkdf-st-tagline\" >\n\t\t\tTORTUE TEAM\t\t<\/span>\n\t\t\t\t\t\t<h2 class=\"mkdf-st-title\" >\n\t\t\t\t\t\t\t\t\t<span class=\"mkdf-sts-title-text\">les services<\/span>\n\t\t\t\t\t<span class=\"mkdf-sts-separator\" ><\/span>\n\t\t\t\t\t\t\t<\/h2>\n\t\t\t\t\t\t\t<\/div>\n<\/div>[vc_empty_space height=\u00a0\u00bb70px\u00a0\u00bb][vc_row_inner row_content_width=\u00a0\u00bbgrid\u00a0\u00bb][vc_column_inner]<div class=\"mkdf-item-showcase-specific-holder  mkdf-iss-text-left  mkdf-has-appear-animation\">\n\t<div class=\"mkdf-iss-content\">\n\t\t<div class=\"mkdf-iss-info-section\">\n\t\t\t\t\t\t\t<span class=\"mkdf-iss-tagline\" >TORTUE TEAM<\/span>\n\t\t\t\t\t\t\t\t\t\t<h2 class=\"mkdf-iss-title\" >\n\t\t\t\t\tUNE \u00c9QUIPE DE PASSIONN\u00c9S \t\t\t\t<\/h2>\n\t\t\t\t\t\t\t\t\t\t<p class=\"mkdf-is-text\" >Une \u00e9quipe de passionn\u00e9s de Moto soucieux de la s\u00e9curit\u00e9 des motards sur route et sur circuit.<\/p>\n\t\t\t\t\t\t\t\t\t\t\t<div class=\"mkdf-iss-author-section\">\n\t\t\t\t\t\t\t<div class=\"mkdf-iss-author-image\">\n\t\t\t\t\t\t\t\t\t<\/div>\n\t\t\t\t\t\t\t\t\t\t<\/div>\n\t\t\t\t<\/div>\n\t\t<div class=\"mkdf-iss-media-section\">\n\t\t\t<div class=\"mkdf-iss-al-and-si-holder\">\n\t\t\t\t<div class=\"mkdf-iss-additional-link-holder\">\n\t\t\t\t\t\t\t\t\t\t\t<a class=\"mkdf-iss-additional-link\" href=\"#\" target=\"_self\">TORTUE TEAM\t\t\t\t\t\t\t<span class=\"ion-ios-play\"><\/span>\n\t\t\t\t\t\t<\/a>\n\t\t\t\t\t\t\t\t\t<\/div>\n\t\t\t\t<div class=\"mkdf-iss-second-image-holder\">\n\t\t\t\t\t\t\t\t\t<\/div>\n\t\t\t<\/div>\n\t\t\t<div class=\"mkdf-iss-main-image-holder\">\n\t\t\t\t<img loading=\"lazy\" decoding=\"async\" width=\"128\" height=\"128\" src=\"https:\/\/tortueteam.com\/wp-content\/uploads\/2022\/03\/certificate.png\" class=\"attachment-full size-full\" alt=\"\" style=\"\" srcset=\"https:\/\/tortueteam.com\/wp-content\/uploads\/2022\/03\/certificate.png 128w, https:\/\/tortueteam.com\/wp-content\/uploads\/2022\/03\/certificate-100x100.png 100w\" sizes=\"auto, (max-width: 128px) 100vw, 128px\" \/>\t\t\t<\/div>\n\t\t\t<div class=\"mkdf-iss-icon-holder\">\n\t\t\t\t\t\t\t<\/div>\n\t\t<\/div>\n\t<\/div>\n<\/div>[\/vc_column_inner][\/vc_row_inner][vc_empty_space height=\u00a0\u00bb70px\u00a0\u00bb]<div class=\"mkdf-item-showcase-specific-holder  mkdf-iss-text-left  mkdf-has-appear-animation\">\n\t<div class=\"mkdf-iss-content\">\n\t\t<div class=\"mkdf-iss-info-section\">\n\t\t\t\t\t\t\t<span class=\"mkdf-iss-tagline\" >TORTUE TEAM<\/span>\n\t\t\t\t\t\t\t\t\t\t<h2 class=\"mkdf-iss-title\" >\n\t\t\t\t\tLOCATION EQUIPEMENT\t\t\t\t<\/h2>\n\t\t\t\t\t\t\t\t\t\t<p class=\"mkdf-is-text\" >Commencez la piste \u00e0 moindre co\u00fbt en louant votre \u00e9quipement aupr\u00e8s du Tortue Team \u00e0 un tarif concurrentiel.<\/p>\n\t\t\t\t\t\t\t\t\t\t\t<div class=\"mkdf-iss-author-section\">\n\t\t\t\t\t\t\t<div class=\"mkdf-iss-author-image\">\n\t\t\t\t\t\t\t\t\t<\/div>\n\t\t\t\t\t\t\t\t\t\t<\/div>\n\t\t\t\t<\/div>\n\t\t<div class=\"mkdf-iss-media-section\">\n\t\t\t<div class=\"mkdf-iss-al-and-si-holder\">\n\t\t\t\t<div class=\"mkdf-iss-additional-link-holder\">\n\t\t\t\t\t\t\t\t\t\t\t<a class=\"mkdf-iss-additional-link\" href=\"#\" target=\"_self\">Tortue Team\t\t\t\t\t\t\t<span class=\"ion-ios-play\"><\/span>\n\t\t\t\t\t\t<\/a>\n\t\t\t\t\t\t\t\t\t<\/div>\n\t\t\t\t<div class=\"mkdf-iss-second-image-holder\">\n\t\t\t\t\t\t\t\t\t<\/div>\n\t\t\t<\/div>\n\t\t\t<div class=\"mkdf-iss-main-image-holder\">\n\t\t\t\t<img loading=\"lazy\" decoding=\"async\" width=\"128\" height=\"128\" src=\"https:\/\/tortueteam.com\/wp-content\/uploads\/2022\/03\/racer.png\" class=\"attachment-full size-full\" alt=\"\" style=\"\" srcset=\"https:\/\/tortueteam.com\/wp-content\/uploads\/2022\/03\/racer.png 128w, https:\/\/tortueteam.com\/wp-content\/uploads\/2022\/03\/racer-100x100.png 100w\" sizes=\"auto, (max-width: 128px) 100vw, 128px\" \/>\t\t\t<\/div>\n\t\t\t<div class=\"mkdf-iss-icon-holder\">\n\t\t\t\t\t\t\t<\/div>\n\t\t<\/div>\n\t<\/div>\n<\/div>[vc_empty_space height=\u00a0\u00bb70px\u00a0\u00bb]<div class=\"mkdf-item-showcase-specific-holder  mkdf-iss-text-left  mkdf-has-appear-animation\">\n\t<div class=\"mkdf-iss-content\">\n\t\t<div class=\"mkdf-iss-info-section\">\n\t\t\t\t\t\t\t<span class=\"mkdf-iss-tagline\" >TORTUE TEAM<\/span>\n\t\t\t\t\t\t\t\t\t\t<h2 class=\"mkdf-iss-title\" >\n\t\t\t\t\tSERVICE PNEUS &amp; LOCATION MOTOS\t\t\t\t<\/h2>\n\t\t\t\t\t\t\t\t\t\t<p class=\"mkdf-is-text\" >Un service pneus (vente et changement sur place, mont\u00e9es et \u00e9quilibr\u00e9s). Vous n\u2019avez pas de moto ? Louez diff\u00e9rents mod\u00e8les de moto aupr\u00e8s de notre partenaire AMS. Contact Patrice : 06 65 52 69 19<\/p>\n\t\t\t\t\t\t\t\t\t\t\t<div class=\"mkdf-iss-author-section\">\n\t\t\t\t\t\t\t<div class=\"mkdf-iss-author-image\">\n\t\t\t\t\t\t\t\t\t<\/div>\n\t\t\t\t\t\t\t\t\t\t<\/div>\n\t\t\t\t<\/div>\n\t\t<div class=\"mkdf-iss-media-section\">\n\t\t\t<div class=\"mkdf-iss-al-and-si-holder\">\n\t\t\t\t<div class=\"mkdf-iss-additional-link-holder\">\n\t\t\t\t\t\t\t\t\t\t\t<a class=\"mkdf-iss-additional-link\" href=\"#\" target=\"_self\">Tortue Team\t\t\t\t\t\t\t<span class=\"ion-ios-play\"><\/span>\n\t\t\t\t\t\t<\/a>\n\t\t\t\t\t\t\t\t\t<\/div>\n\t\t\t\t<div class=\"mkdf-iss-second-image-holder\">\n\t\t\t\t\t\t\t\t\t<\/div>\n\t\t\t<\/div>\n\t\t\t<div class=\"mkdf-iss-main-image-holder\">\n\t\t\t\t<img loading=\"lazy\" decoding=\"async\" width=\"128\" height=\"128\" src=\"https:\/\/tortueteam.com\/wp-content\/uploads\/2022\/03\/motorcycle-1.png\" class=\"attachment-full size-full\" alt=\"\" style=\"\" srcset=\"https:\/\/tortueteam.com\/wp-content\/uploads\/2022\/03\/motorcycle-1.png 128w, https:\/\/tortueteam.com\/wp-content\/uploads\/2022\/03\/motorcycle-1-100x100.png 100w\" sizes=\"auto, (max-width: 128px) 100vw, 128px\" \/>\t\t\t<\/div>\n\t\t\t<div class=\"mkdf-iss-icon-holder\">\n\t\t\t\t\t\t\t<\/div>\n\t\t<\/div>\n\t<\/div>\n<\/div>[vc_empty_space height=\u00a0\u00bb70px\u00a0\u00bb]<div class=\"mkdf-item-showcase-specific-holder  mkdf-iss-text-left  mkdf-has-appear-animation\">\n\t<div class=\"mkdf-iss-content\">\n\t\t<div class=\"mkdf-iss-info-section\">\n\t\t\t\t\t\t\t<span class=\"mkdf-iss-tagline\" >TORTUE TEAM<\/span>\n\t\t\t\t\t\t\t\t\t\t<h2 class=\"mkdf-iss-title\" >\n\t\t\t\t\tSIMULATEUR D\u2019INCLINAISON\t\t\t\t<\/h2>\n\t\t\t\t\t\t\t\t\t\t<p class=\"mkdf-is-text\" >Faites vos premiers pas en toute s\u00e9curit\u00e9 sur notre simulateur d\u2019inclinaison. Une exclusivit\u00e9 du Tortue Team.<\/p>\n\t\t\t\t\t\t\t\t\t\t\t<div class=\"mkdf-iss-author-section\">\n\t\t\t\t\t\t\t<div class=\"mkdf-iss-author-image\">\n\t\t\t\t\t\t\t\t\t<\/div>\n\t\t\t\t\t\t\t\t\t\t<\/div>\n\t\t\t\t<\/div>\n\t\t<div class=\"mkdf-iss-media-section\">\n\t\t\t<div class=\"mkdf-iss-al-and-si-holder\">\n\t\t\t\t<div class=\"mkdf-iss-additional-link-holder\">\n\t\t\t\t\t\t\t\t\t\t\t<a class=\"mkdf-iss-additional-link\" href=\"#\" target=\"_self\">Tortue Team\t\t\t\t\t\t\t<span class=\"ion-ios-play\"><\/span>\n\t\t\t\t\t\t<\/a>\n\t\t\t\t\t\t\t\t\t<\/div>\n\t\t\t\t<div class=\"mkdf-iss-second-image-holder\">\n\t\t\t\t\t\t\t\t\t<\/div>\n\t\t\t<\/div>\n\t\t\t<div class=\"mkdf-iss-main-image-holder\">\n\t\t\t\t<img loading=\"lazy\" decoding=\"async\" width=\"128\" height=\"128\" src=\"https:\/\/tortueteam.com\/wp-content\/uploads\/2022\/03\/protractor.png\" class=\"attachment-full size-full\" alt=\"\" style=\"\" srcset=\"https:\/\/tortueteam.com\/wp-content\/uploads\/2022\/03\/protractor.png 128w, https:\/\/tortueteam.com\/wp-content\/uploads\/2022\/03\/protractor-100x100.png 100w\" sizes=\"auto, (max-width: 128px) 100vw, 128px\" \/>\t\t\t<\/div>\n\t\t\t<div class=\"mkdf-iss-icon-holder\">\n\t\t\t\t\t\t\t<\/div>\n\t\t<\/div>\n\t<\/div>\n<\/div>[\/vc_column][\/vc_row][vc_row disable_background_image=\u00a0\u00bb\u00a0\u00bb css=\u00a0\u00bb.vc_custom_1646576615019{padding-top: 50px !important;}\u00a0\u00bb][vc_column]<div class=\"mkdf-section-title-holder  mkdf-st-split  mkdf-has-appear-animation\" style=\"padding: 0 10%\">\n\t<div class=\"mkdf-st-inner\">\n\t\t\t<span class=\"mkdf-st-tagline\" >\n\t\t\tServices\t\t<\/span>\n\t\t\t\t\t\t<h2 class=\"mkdf-st-title\" style=\"color: #000000\">\n\t\t\t\t\t\t\t\t\t<span class=\"mkdf-sts-title-text\">tortue team<\/span>\n\t\t\t\t\t<span class=\"mkdf-sts-separator\" style=\"background-color: #333333\"><\/span>\n\t\t\t\t\t\t\t<\/h2>\n\t\t\t\t\t\t\t<\/div>\n<\/div>[vc_empty_space height=\u00a0\u00bb70px\u00a0\u00bb][\/vc_column][\/vc_row]<\/p>\n","protected":false},"excerpt":{"rendered":"<p>[vc_row row_content_width=\u00a0\u00bbgrid\u00a0\u00bb disable_background_image=\u00a0\u00bb\u00a0\u00bb vertical_lines=\u00a0\u00bbyes\u00a0\u00bb css=\u00a0\u00bb.vc_custom_1646576497330{padding-bottom: 130px !important;background-position: center !important;background-repeat: no-repeat !important;background-size: cover !important;}\u00a0\u00bb][vc_column][vc_empty_space height=\u00a0\u00bb70px\u00a0\u00bb][vc_row_inner row_content_width=\u00a0\u00bbgrid\u00a0\u00bb][vc_column_inner][\/vc_column_inner][\/vc_row_inner][vc_empty_space height=\u00a0\u00bb70px\u00a0\u00bb][vc_empty_space height=\u00a0\u00bb70px\u00a0\u00bb][vc_empty_space height=\u00a0\u00bb70px\u00a0\u00bb][\/vc_column][\/vc_row][vc_row disable_background_image=\u00a0\u00bb\u00a0\u00bb css=\u00a0\u00bb.vc_custom_1646576615019{padding-top: 50px !important;}\u00a0\u00bb][vc_column][vc_empty_space height=\u00a0\u00bb70px\u00a0\u00bb][\/vc_column][\/vc_row]<\/p>\n","protected":false},"author":1,"featured_media":0,"parent":0,"menu_order":0,"comment_status":"closed","ping_status":"closed","template":"","meta":{"footnotes":""},"class_list":["post-3120","page","type-page","status-publish","hentry"],"_links":{"self":[{"href":"https:\/\/tortueteam.com\/index.php\/wp-json\/wp\/v2\/pages\/3120","targetHints":{"allow":["GET"]}}],"collection":[{"href":"https:\/\/tortueteam.com\/index.php\/wp-json\/wp\/v2\/pages"}],"about":[{"href":"https:\/\/tortueteam.com\/index.php\/wp-json\/wp\/v2\/types\/page"}],"author":[{"embeddable":true,"href":"https:\/\/tortueteam.com\/index.php\/wp-json\/wp\/v2\/users\/1"}],"replies":[{"embeddable":true,"href":"https:\/\/tortueteam.com\/index.php\/wp-json\/wp\/v2\/comments?post=3120"}],"version-history":[{"count":21,"href":"https:\/\/tortueteam.com\/index.php\/wp-json\/wp\/v2\/pages\/3120\/revisions"}],"predecessor-version":[{"id":5876,"href":"https:\/\/tortueteam.com\/index.php\/wp-json\/wp\/v2\/pages\/3120\/revisions\/5876"}],"wp:attachment":[{"href":"https:\/\/tortueteam.com\/index.php\/wp-json\/wp\/v2\/media?parent=3120"}],"curies":[{"name":"wp","href":"https:\/\/api.w.org\/{rel}","templated":true}]}}