{"id":2651,"date":"2022-01-29T07:29:08","date_gmt":"2022-01-29T06:29:08","guid":{"rendered":"https:\/\/tortueteam.com\/?page_id=2651"},"modified":"2024-12-31T11:55:57","modified_gmt":"2024-12-31T10:55:57","slug":"idees-cadeaux","status":"publish","type":"page","link":"https:\/\/tortueteam.com\/index.php\/idees-cadeaux\/","title":{"rendered":"Id\u00e9es cadeaux"},"content":{"rendered":"<p>[vc_row row_content_width=\u00a0\u00bbgrid\u00a0\u00bb disable_background_image=\u00a0\u00bb\u00a0\u00bb vertical_lines=\u00a0\u00bbyes\u00a0\u00bb][vc_column css=\u00a0\u00bb.vc_custom_1646544677336{padding-top: 50px !important;padding-bottom: 50px !important;}\u00a0\u00bb]<div class=\"mkdf-section-title-holder  mkdf-st-split  mkdf-has-appear-animation\" style=\"padding: 0 10%\">\n\t<div class=\"mkdf-st-inner\">\n\t\t\t<span class=\"mkdf-st-tagline\" >\n\t\t\tLES IDEES CADEAUX\t\t<\/span>\n\t\t\t\t\t\t<h2 class=\"mkdf-st-title\" >\n\t\t\t\t\t\t\t\t\t<span class=\"mkdf-sts-title-text\">TORTUE TEAM<\/span>\n\t\t\t\t\t<span class=\"mkdf-sts-separator\" ><\/span>\n\t\t\t\t\t\t\t<\/h2>\n\t\t\t\t\t\t\t<\/div>\n<\/div>[vc_empty_space height=\u00a0\u00bb70px\u00a0\u00bb][vc_column_text]<\/p>\n<h5 style=\"text-align: center;\">Offrez une journ\u00e9e sur circuit \u00e0 un de vos proches.\u00a0T\u00e9l\u00e9chargez gratuitement un bon cadeau \u2013 Imprimez \u2013 Offrez.<br \/>\nC\u2019est simple et la garantie d\u2019offrir un cadeau qui plaira \u00e0 coup sur !<\/h5>\n<p style=\"text-align: center;\">Nous vous proposons <strong>plusieurs formules<\/strong> en fonction du niveau, des d\u00e9sirs et des attentes de chacun. Une journ\u00e9e de roulage pour les initi\u00e9s ou de stage pour ceux d\u00e9sirant parfaire leur ma\u00eetrise technique ou s\u2019initier en toute s\u00e9curit\u00e9 a la pratique sur circuit.<\/p>\n<p style=\"text-align: center;\">Avec <strong>les coffrets cadeaux du Tortue Team<\/strong>, offrez le plus beau des cadeaux \u00e0 un de vos proches en lui faisant d\u00e9couvrir des sensations fortes et inoubliables ou pour une initiation de <strong>pilotage moto sur circuit<\/strong> qui lui permettra de gagner de bon r\u00e9flexes pour une conduite plus s\u00e9curis\u00e9e sur la route.<\/p>\n<p>[\/vc_column_text][\/vc_column][\/vc_row][vc_row row_content_width=\u00a0\u00bbgrid\u00a0\u00bb disable_background_image=\u00a0\u00bb\u00a0\u00bb vertical_lines=\u00a0\u00bbyes\u00a0\u00bb][vc_column css=\u00a0\u00bb.vc_custom_1646742035325{padding-top: 10px !important;padding-bottom: 129px !important;}\u00a0\u00bb][vc_single_image image=\u00a0\u00bb5868&Prime; img_size=\u00a0\u00bblarge\u00a0\u00bb alignment=\u00a0\u00bbcenter\u00a0\u00bb][vc_empty_space height=\u00a0\u00bb70px\u00a0\u00bb]<div class=\"mkdf-pricing-tables mkdf-grid-list mkdf-disable-bottom-space clearfix mkdf-three-columns mkdf-normal-space\"><div class=\"mkdf-pt-wrapper mkdf-outer-space\"><div class=\"mkdf-price-table mkdf-item-space  mkdf-pt-active-item\">\n\t<div class=\"mkdf-pt-inner\" >\n\t\t<ul>\n\t\t\t<li class=\"mkdf-pt-title-holder\">\n\t\t\t\t<span class=\"mkdf-pt-tagline\">BON CADEAU STAGE<\/span>\n\t\t\t\t<span class=\"mkdf-pt-title\" >TTS1<\/span>\n\t\t\t<\/li>\n\t\t\t<li class=\"mkdf-pt-prices\">\n\t\t\t\t<sup class=\"mkdf-pt-value\" > <\/sup>\n\t\t\t\t<span class=\"mkdf-pt-price\" > <\/span>\n\t\t\t\t\t\t\t<\/li>\n\t\t\t<li class=\"mkdf-pt-content\">\n\t\t\t\t\n<ul>\n<li>    <span class=\"mkdf-icon-shortcode mkdf-normal   \"  data-color=\"#ed1d24\">\n                    <span aria-hidden=\"true\" class=\"mkdf-icon-font-elegant icon_check mkdf-icon-element\" style=\"color: #ed1d24\" ><\/span>            <\/span>\n Stage tout public<\/li>\n<li>    <span class=\"mkdf-icon-shortcode mkdf-normal   \"  data-color=\"#ed1d24\">\n                    <span aria-hidden=\"true\" class=\"mkdf-icon-font-elegant icon_check mkdf-icon-element\" style=\"color: #ed1d24\" ><\/span>            <\/span>\n\u00a0 Pour le motard qui\u00a0 n\u2019a jamais ou peu fait de circuit<\/li>\n<li>    <span class=\"mkdf-icon-shortcode mkdf-normal   \"  data-color=\"#ed1d24\">\n                    <span aria-hidden=\"true\" class=\"mkdf-icon-font-elegant icon_check mkdf-icon-element\" style=\"color: #ed1d24\" ><\/span>            <\/span>\n Initiation en toute s\u00e9curit\u00e9 a la pratique du circuit.<\/li>\n<li>    <span class=\"mkdf-icon-shortcode mkdf-normal   \"  data-color=\"#ed1d24\">\n                    <span aria-hidden=\"true\" class=\"mkdf-icon-font-elegant icon_check mkdf-icon-element\" style=\"color: #ed1d24\" ><\/span>            <\/span>\n D\u00e9grossir tout les aspects techniques li\u00e9s \u00e0 la conduite d\u2019un 2 roues<\/li>\n<li>    <span class=\"mkdf-icon-shortcode mkdf-normal   \"  data-color=\"#ed1d24\">\n                    <span aria-hidden=\"true\" class=\"mkdf-icon-font-elegant icon_check mkdf-icon-element\" style=\"color: #ed1d24\" ><\/span>            <\/span>\n Alternance de cours th\u00e9oriques avec des sessions de roulages<\/li>\n<li>    <span class=\"mkdf-icon-shortcode mkdf-normal   \"  data-color=\"#ed1d24\">\n                    <span aria-hidden=\"true\" class=\"mkdf-icon-font-elegant icon_check mkdf-icon-element\" style=\"color: #ed1d24\" ><\/span>            <\/span>\n Encadrement par des enseignants moto sous forme de petits groupes<\/li>\n<\/ul>\n\t\t\t<\/li>\n\t\t\t\t\t\t\t<li class=\"mkdf-pt-button\">\n\t\t\t\t\t<a itemprop=\"url\" href=\"https:\/\/tortueteam.com\/wp-content\/uploads\/2024\/11\/BON-CADO-STAGE-TTS1-2022-2.png\" target=\"_blank\"  class=\"mkdf-btn mkdf-btn-large mkdf-btn-predefined\"  >            <span class=\"mkdf-btn-predefined-line-holder\">            <span class=\"mkdf-btn-line-hidden\"><\/span>            <span class=\"mkdf-btn-text\">T\u00e9l\u00e9charger<\/span>\t        <span class=\"mkdf-btn-line\"><\/span>            <i class=\"mkdf-btn-predefined-icon mkdf-icon-ion-icon ion-ios-play \"><\/i>        <\/span>    <\/a>\t\t\t\t<\/li>\t\t\t\t\n\t\t\t\t\t<\/ul>\n\t<\/div>\n<\/div><div class=\"mkdf-price-table mkdf-item-space  mkdf-pt-active-item\">\n\t<div class=\"mkdf-pt-inner\" >\n\t\t<ul>\n\t\t\t<li class=\"mkdf-pt-title-holder\">\n\t\t\t\t<span class=\"mkdf-pt-tagline\">BON CADEAU STAGE<\/span>\n\t\t\t\t<span class=\"mkdf-pt-title\" >TTS2<\/span>\n\t\t\t<\/li>\n\t\t\t<li class=\"mkdf-pt-prices\">\n\t\t\t\t<sup class=\"mkdf-pt-value\" > <\/sup>\n\t\t\t\t<span class=\"mkdf-pt-price\" > <\/span>\n\t\t\t\t\t\t\t<\/li>\n\t\t\t<li class=\"mkdf-pt-content\">\n\t\t\t\t\n<ul>\n<li>    <span class=\"mkdf-icon-shortcode mkdf-normal   \"  data-color=\"#ed1d24\">\n                    <span aria-hidden=\"true\" class=\"mkdf-icon-font-elegant icon_check mkdf-icon-element\" style=\"color: #ed1d24\" ><\/span>            <\/span>\n R\u00e9serv\u00e9 uniquement \u00e0 ceux ayant d\u00e9j\u00e0 effectu\u00e9 le stage <strong>TTS1<\/strong> et qui d\u00e9sirent revivre l\u2019exp\u00e9rience sans refaire les cours th\u00e9oriques.<\/li>\n<\/ul>\n\t\t\t<\/li>\n\t\t\t\t\t\t\t<li class=\"mkdf-pt-button\">\n\t\t\t\t\t<a itemprop=\"url\" href=\"https:\/\/tortueteam.com\/wp-content\/uploads\/2024\/11\/BON-CADO-STAGE-TTS2-2025.png\" target=\"_blank\"  class=\"mkdf-btn mkdf-btn-large mkdf-btn-predefined\"  >            <span class=\"mkdf-btn-predefined-line-holder\">            <span class=\"mkdf-btn-line-hidden\"><\/span>            <span class=\"mkdf-btn-text\">T\u00e9l\u00e9charger<\/span>\t        <span class=\"mkdf-btn-line\"><\/span>            <i class=\"mkdf-btn-predefined-icon mkdf-icon-ion-icon ion-ios-play \"><\/i>        <\/span>    <\/a>\t\t\t\t<\/li>\t\t\t\t\n\t\t\t\t\t<\/ul>\n\t<\/div>\n<\/div><div class=\"mkdf-price-table mkdf-item-space  mkdf-pt-active-item\">\n\t<div class=\"mkdf-pt-inner\" >\n\t\t<ul>\n\t\t\t<li class=\"mkdf-pt-title-holder\">\n\t\t\t\t<span class=\"mkdf-pt-tagline\">BON CADEAU<\/span>\n\t\t\t\t<span class=\"mkdf-pt-title\" >COACHING TTS3<\/span>\n\t\t\t<\/li>\n\t\t\t<li class=\"mkdf-pt-prices\">\n\t\t\t\t<sup class=\"mkdf-pt-value\" > <\/sup>\n\t\t\t\t<span class=\"mkdf-pt-price\" > <\/span>\n\t\t\t\t\t\t\t<\/li>\n\t\t\t<li class=\"mkdf-pt-content\">\n\t\t\t\t\n<ul>\n<li>    <span class=\"mkdf-icon-shortcode mkdf-normal   \"  data-color=\"#ed1d24\">\n                    <span aria-hidden=\"true\" class=\"mkdf-icon-font-elegant icon_check mkdf-icon-element\" style=\"color: #ed1d24\" ><\/span>            <\/span>\n R\u00e9serv\u00e9 aux plus aguerris<\/li>\n<li>    <span class=\"mkdf-icon-shortcode mkdf-normal   \"  data-color=\"#ed1d24\">\n                    <span aria-hidden=\"true\" class=\"mkdf-icon-font-elegant icon_check mkdf-icon-element\" style=\"color: #ed1d24\" ><\/span>            <\/span>\n\u00a0 Pour le motard d\u00e9j\u00e0 habitu\u00e9 \u00e0 la pratique de la moto sur circuit<\/li>\n<li>    <span class=\"mkdf-icon-shortcode mkdf-normal   \"  data-color=\"#ed1d24\">\n                    <span aria-hidden=\"true\" class=\"mkdf-icon-font-elegant icon_check mkdf-icon-element\" style=\"color: #ed1d24\" ><\/span>            <\/span>\n Ideal pour parfaire les points faibles.<\/li>\n<li>    <span class=\"mkdf-icon-shortcode mkdf-normal   \"  data-color=\"#ed1d24\">\n                    <span aria-hidden=\"true\" class=\"mkdf-icon-font-elegant icon_check mkdf-icon-element\" style=\"color: #ed1d24\" ><\/span>            <\/span>\n Moto \u00e9quip\u00e9e de camera pour filmer et debriefer en video entre les sessions. PROGRESSION ASSUREE !<\/li>\n<\/ul>\n\t\t\t<\/li>\n\t\t\t\t\t\t\t<li class=\"mkdf-pt-button\">\n\t\t\t\t\t<a itemprop=\"url\" href=\"https:\/\/tortueteam.com\/wp-content\/uploads\/2024\/11\/BON-CADO-STAGE-TTS3-2025.png\" target=\"_blank\"  class=\"mkdf-btn mkdf-btn-large mkdf-btn-predefined\"  >            <span class=\"mkdf-btn-predefined-line-holder\">            <span class=\"mkdf-btn-line-hidden\"><\/span>            <span class=\"mkdf-btn-text\">T\u00e9l\u00e9charger<\/span>\t        <span class=\"mkdf-btn-line\"><\/span>            <i class=\"mkdf-btn-predefined-icon mkdf-icon-ion-icon ion-ios-play \"><\/i>        <\/span>    <\/a>\t\t\t\t<\/li>\t\t\t\t\n\t\t\t\t\t<\/ul>\n\t<\/div>\n<\/div><div class=\"mkdf-price-table mkdf-item-space  mkdf-pt-active-item\">\n\t<div class=\"mkdf-pt-inner\" >\n\t\t<ul>\n\t\t\t<li class=\"mkdf-pt-title-holder\">\n\t\t\t\t<span class=\"mkdf-pt-tagline\">BON CADEAU<\/span>\n\t\t\t\t<span class=\"mkdf-pt-title\" >ROULAGE<\/span>\n\t\t\t<\/li>\n\t\t\t<li class=\"mkdf-pt-prices\">\n\t\t\t\t<sup class=\"mkdf-pt-value\" > <\/sup>\n\t\t\t\t<span class=\"mkdf-pt-price\" > <\/span>\n\t\t\t\t\t\t\t<\/li>\n\t\t\t<li class=\"mkdf-pt-content\">\n\t\t\t\t\n<ul>\n<li>    <span class=\"mkdf-icon-shortcode mkdf-normal   \"  data-color=\"#ed1d24\">\n                    <span aria-hidden=\"true\" class=\"mkdf-icon-font-elegant icon_check mkdf-icon-element\" style=\"color: #ed1d24\" ><\/span>            <\/span>\n Pour offrir une <strong>journ\u00e9e de roulage moto sur circuit<\/strong><\/li>\n<li>    <span class=\"mkdf-icon-shortcode mkdf-normal   \"  data-color=\"#ed1d24\">\n                    <span aria-hidden=\"true\" class=\"mkdf-icon-font-elegant icon_check mkdf-icon-element\" style=\"color: #ed1d24\" ><\/span>            <\/span>\n La garantie d\u2019un cadeau r\u00e9ussit \u00e0 coup sur !<\/li>\n<\/ul>\n\t\t\t<\/li>\n\t\t\t\t\t\t\t<li class=\"mkdf-pt-button\">\n\t\t\t\t\t<a itemprop=\"url\" href=\"https:\/\/tortueteam.com\/wp-content\/uploads\/2024\/11\/BON-CADO-ROULAGE-2025.png\" target=\"_blank\"  class=\"mkdf-btn mkdf-btn-large mkdf-btn-predefined\"  >            <span class=\"mkdf-btn-predefined-line-holder\">            <span class=\"mkdf-btn-line-hidden\"><\/span>            <span class=\"mkdf-btn-text\">T\u00e9l\u00e9charger<\/span>\t        <span class=\"mkdf-btn-line\"><\/span>            <i class=\"mkdf-btn-predefined-icon mkdf-icon-ion-icon ion-ios-play \"><\/i>        <\/span>    <\/a>\t\t\t\t<\/li>\t\t\t\t\n\t\t\t\t\t<\/ul>\n\t<\/div>\n<\/div><\/div><\/div>[\/vc_column][\/vc_row]<\/p>\n","protected":false},"excerpt":{"rendered":"<p>[vc_row row_content_width=\u00a0\u00bbgrid\u00a0\u00bb disable_background_image=\u00a0\u00bb\u00a0\u00bb vertical_lines=\u00a0\u00bbyes\u00a0\u00bb][vc_column css=\u00a0\u00bb.vc_custom_1646544677336{padding-top: 50px !important;padding-bottom: 50px !important;}\u00a0\u00bb][vc_empty_space height=\u00a0\u00bb70px\u00a0\u00bb][vc_column_text] Offrez une journ\u00e9e sur circuit \u00e0 un de vos proches.\u00a0T\u00e9l\u00e9chargez gratuitement un bon cadeau \u2013 Imprimez \u2013 Offrez. C\u2019est simple et la garantie d\u2019offrir un cadeau qui plaira \u00e0 coup sur ! Nous vous proposons plusieurs formules en fonction du niveau, [&hellip;]<\/p>\n","protected":false},"author":1,"featured_media":0,"parent":0,"menu_order":0,"comment_status":"closed","ping_status":"closed","template":"","meta":{"footnotes":""},"class_list":["post-2651","page","type-page","status-publish","hentry"],"_links":{"self":[{"href":"https:\/\/tortueteam.com\/index.php\/wp-json\/wp\/v2\/pages\/2651","targetHints":{"allow":["GET"]}}],"collection":[{"href":"https:\/\/tortueteam.com\/index.php\/wp-json\/wp\/v2\/pages"}],"about":[{"href":"https:\/\/tortueteam.com\/index.php\/wp-json\/wp\/v2\/types\/page"}],"author":[{"embeddable":true,"href":"https:\/\/tortueteam.com\/index.php\/wp-json\/wp\/v2\/users\/1"}],"replies":[{"embeddable":true,"href":"https:\/\/tortueteam.com\/index.php\/wp-json\/wp\/v2\/comments?post=2651"}],"version-history":[{"count":41,"href":"https:\/\/tortueteam.com\/index.php\/wp-json\/wp\/v2\/pages\/2651\/revisions"}],"predecessor-version":[{"id":5897,"href":"https:\/\/tortueteam.com\/index.php\/wp-json\/wp\/v2\/pages\/2651\/revisions\/5897"}],"wp:attachment":[{"href":"https:\/\/tortueteam.com\/index.php\/wp-json\/wp\/v2\/media?parent=2651"}],"curies":[{"name":"wp","href":"https:\/\/api.w.org\/{rel}","templated":true}]}}